{"id":716,"date":"2025-08-19T11:48:00","date_gmt":"2025-08-19T11:48:00","guid":{"rendered":"https:\/\/astrocoach.com\/carmen\/?page_id=716"},"modified":"2025-09-10T08:45:56","modified_gmt":"2025-09-10T08:45:56","slug":"ritual-gratuito-personalizado","status":"publish","type":"page","link":"https:\/\/astrocoach.com\/carmen\/ritual-gratuito-personalizado\/","title":{"rendered":"Ritual &#8211; Gratuito y Personalizado"},"content":{"rendered":"\t\t<div data-elementor-type=\"wp-page\" data-elementor-id=\"716\" class=\"elementor elementor-716\">\n\t\t\t\t<div class=\"elementor-element elementor-element-1a87488 e-flex e-con-boxed e-con e-parent\" data-id=\"1a87488\" data-element_type=\"container\" data-e-type=\"container\">\n\t\t\t\t\t<div class=\"e-con-inner\">\n\t\t<div class=\"elementor-element elementor-element-526912b e-con-full e-flex e-con e-child\" data-id=\"526912b\" data-element_type=\"container\" data-e-type=\"container\">\n\t\t\t\t<div class=\"elementor-element elementor-element-102480b elementor-widget elementor-widget-heading\" data-id=\"102480b\" data-element_type=\"widget\" data-e-type=\"widget\" data-widget_type=\"heading.default\">\n\t\t\t\t\t<h2 class=\"elementor-heading-title elementor-size-default\">Pide tu Ritual Gratuito Personalizado<\/h2>\t\t\t\t<\/div>\n\t\t\t\t<div class=\"elementor-element elementor-element-cf86351 elementor-widget elementor-widget-text-editor\" data-id=\"cf86351\" data-element_type=\"widget\" data-e-type=\"widget\" data-widget_type=\"text-editor.default\">\n\t\t\t\t\t\t\t\t\t<p data-start=\"217\" data-end=\"341\">Cada persona tiene un deseo \u00fanico, una intenci\u00f3n especial, una meta \u00edntima que quiere ver florecer. A veces necesitamos un peque\u00f1o impulso simb\u00f3lico para abrir caminos, limpiar energ\u00edas y enfocar nuestra fuerza interior hacia lo que anhelamos.<\/p><p data-start=\"217\" data-end=\"341\">Por eso, Carmen Torres, junto a <a href=\"https:\/\/www.spellbox.com\/\" target=\"_blank\" rel=\"noopener\">Spellbox.com<\/a> y su embajadora Genia, te ofrecen la posibilidad de recibir un ritual gratuito hecho a tu medida, creado especialmente en funci\u00f3n de tu petici\u00f3n y de tus necesidades personales.<\/p><p data-start=\"217\" data-end=\"341\">Este ritual no es una promesa de que todo suceder\u00e1 tal como lo deseas, pero s\u00ed puede convertirse en una herramienta poderosa de ayuda, capaz de potenciar tus probabilidades, aumentar tu claridad y acompa\u00f1arte en tu proceso.<\/p><p data-start=\"217\" data-end=\"341\">Rituales que podr\u00e1s solicitar:<\/p><ul><li data-start=\"217\" data-end=\"341\">Para atraer amor o fortalecer un v\u00ednculo.<\/li><li data-start=\"217\" data-end=\"341\">Para abrir caminos a la suerte y la prosperidad.<\/li><li data-start=\"217\" data-end=\"341\">Para limpiar y proteger tu energ\u00eda personal.<\/li><li data-start=\"217\" data-end=\"341\">Para favorecer la claridad, la calma y el equilibrio interior.<\/li><\/ul><p>\u00bfC\u00f3mo funciona?<\/p><p>Completa el formulario cont\u00e1ndonos tu deseo o tu intenci\u00f3n.<\/p><p>Nuestro equipo, en colaboraci\u00f3n con Spellbox, dise\u00f1ar\u00e1 un ritual \u00fanico y adaptado a tu situaci\u00f3n.<\/p><p>Recibir\u00e1s tu gu\u00eda personalizada por correo electr\u00f3nico o, si lo prefieres, mediante un enlace por SMS para tenerlo siempre a mano.<\/p><p>Este servicio es 100% gratuito, pensado para apoyarte y ayudarte a optimizar todas las posibilidades de que tus deseos encuentren su camino.<\/p>\t\t\t\t\t\t\t\t<\/div>\n\t\t\t\t<\/div>\n\t\t<div class=\"elementor-element elementor-element-07576d8 e-con-full e-flex e-con e-child\" data-id=\"07576d8\" data-element_type=\"container\" data-e-type=\"container\">\n\t\t\t\t<div class=\"elementor-element elementor-element-56d8149 elementor-widget elementor-widget-heading\" data-id=\"56d8149\" data-element_type=\"widget\" data-e-type=\"widget\" data-widget_type=\"heading.default\">\n\t\t\t\t\t<h2 class=\"elementor-heading-title elementor-size-default\">Solicita ahora tu ritual gratuito y recibe tu gu\u00eda personalizada<\/h2>\t\t\t\t<\/div>\n\t\t\t\t<\/div>\n\t\t\t\t\t<\/div>\n\t\t\t\t<\/div>\n\t\t\t\t<\/div>\n\t\t","protected":false},"excerpt":{"rendered":"<p>Pide tu Ritual Gratuito Personalizado Cada persona tiene un deseo \u00fanico, una intenci\u00f3n especial, una meta \u00edntima que quiere ver [&hellip;]<\/p>\n","protected":false},"author":2,"featured_media":0,"parent":0,"menu_order":0,"comment_status":"closed","ping_status":"closed","template":"astra-carmen-ritual.php","meta":{"site-sidebar-layout":"default","site-content-layout":"","ast-site-content-layout":"default","site-content-style":"default","site-sidebar-style":"default","ast-global-header-display":"","ast-banner-title-visibility":"","ast-main-header-display":"","ast-hfb-above-header-display":"","ast-hfb-below-header-display":"","ast-hfb-mobile-header-display":"","site-post-title":"","ast-breadcrumbs-content":"","ast-featured-img":"","footer-sml-layout":"","ast-disable-related-posts":"","theme-transparent-header-meta":"","adv-header-id-meta":"","stick-header-meta":"","header-above-stick-meta":"","header-main-stick-meta":"","header-below-stick-meta":"","astra-migrate-meta-layouts":"default","ast-page-background-enabled":"default","ast-page-background-meta":{"desktop":{"background-color":"var(--ast-global-color-5)","background-image":"","background-repeat":"repeat","background-position":"center center","background-size":"auto","background-attachment":"scroll","background-type":"","background-media":"","overlay-type":"","overlay-color":"","overlay-opacity":"","overlay-gradient":""},"tablet":{"background-color":"","background-image":"","background-repeat":"repeat","background-position":"center center","background-size":"auto","background-attachment":"scroll","background-type":"","background-media":"","overlay-type":"","overlay-color":"","overlay-opacity":"","overlay-gradient":""},"mobile":{"background-color":"","background-image":"","background-repeat":"repeat","background-position":"center center","background-size":"auto","background-attachment":"scroll","background-type":"","background-media":"","overlay-type":"","overlay-color":"","overlay-opacity":"","overlay-gradient":""}},"ast-content-background-meta":{"desktop":{"background-color":"var(--ast-global-color-4)","background-image":"","background-repeat":"repeat","background-position":"center center","background-size":"auto","background-attachment":"scroll","background-type":"","background-media":"","overlay-type":"","overlay-color":"","overlay-opacity":"","overlay-gradient":""},"tablet":{"background-color":"var(--ast-global-color-4)","background-image":"","background-repeat":"repeat","background-position":"center center","background-size":"auto","background-attachment":"scroll","background-type":"","background-media":"","overlay-type":"","overlay-color":"","overlay-opacity":"","overlay-gradient":""},"mobile":{"background-color":"var(--ast-global-color-4)","background-image":"","background-repeat":"repeat","background-position":"center center","background-size":"auto","background-attachment":"scroll","background-type":"","background-media":"","overlay-type":"","overlay-color":"","overlay-opacity":"","overlay-gradient":""}},"footnotes":""},"class_list":["post-716","page","type-page","status-publish","hentry"],"yoast_head":"<!-- This site is optimized with the Yoast SEO plugin v27.3 - https:\/\/yoast.com\/product\/yoast-seo-wordpress\/ -->\n<title>Ritual - Gratuito y Personalizado - Carmen Torres: Coaching y Tarot Andaluz<\/title>\n<meta name=\"robots\" content=\"index, follow, max-snippet:-1, max-image-preview:large, max-video-preview:-1\" \/>\n<link rel=\"canonical\" href=\"https:\/\/astrocoach.com\/carmen\/ritual-gratuito-personalizado\/\" \/>\n<meta property=\"og:locale\" content=\"es_ES\" \/>\n<meta property=\"og:type\" content=\"article\" \/>\n<meta property=\"og:title\" content=\"Ritual - Gratuito y Personalizado - Carmen Torres: Coaching y Tarot Andaluz\" \/>\n<meta property=\"og:description\" content=\"Pide tu Ritual Gratuito Personalizado Cada persona tiene un deseo \u00fanico, una intenci\u00f3n especial, una meta \u00edntima que quiere ver [&hellip;]\" \/>\n<meta property=\"og:url\" content=\"https:\/\/astrocoach.com\/carmen\/ritual-gratuito-personalizado\/\" \/>\n<meta property=\"og:site_name\" content=\"Carmen Torres: Coaching y Tarot Andaluz\" \/>\n<meta property=\"article:modified_time\" content=\"2025-09-10T08:45:56+00:00\" \/>\n<meta name=\"twitter:card\" content=\"summary_large_image\" \/>\n<meta name=\"twitter:label1\" content=\"Est. reading time\" \/>\n\t<meta name=\"twitter:data1\" content=\"1 minuto\" \/>\n<script type=\"application\/ld+json\" class=\"yoast-schema-graph\">{\"@context\":\"https:\\\/\\\/schema.org\",\"@graph\":[{\"@type\":\"WebPage\",\"@id\":\"https:\\\/\\\/astrocoach.com\\\/carmen\\\/ritual-gratuito-personalizado\\\/\",\"url\":\"https:\\\/\\\/astrocoach.com\\\/carmen\\\/ritual-gratuito-personalizado\\\/\",\"name\":\"Ritual - Gratuito y Personalizado - Carmen Torres: Coaching y Tarot Andaluz\",\"isPartOf\":{\"@id\":\"https:\\\/\\\/astrocoach.com\\\/carmen\\\/#website\"},\"datePublished\":\"2025-08-19T11:48:00+00:00\",\"dateModified\":\"2025-09-10T08:45:56+00:00\",\"breadcrumb\":{\"@id\":\"https:\\\/\\\/astrocoach.com\\\/carmen\\\/ritual-gratuito-personalizado\\\/#breadcrumb\"},\"inLanguage\":\"es\",\"potentialAction\":[{\"@type\":\"ReadAction\",\"target\":[\"https:\\\/\\\/astrocoach.com\\\/carmen\\\/ritual-gratuito-personalizado\\\/\"]}]},{\"@type\":\"BreadcrumbList\",\"@id\":\"https:\\\/\\\/astrocoach.com\\\/carmen\\\/ritual-gratuito-personalizado\\\/#breadcrumb\",\"itemListElement\":[{\"@type\":\"ListItem\",\"position\":1,\"name\":\"Home\",\"item\":\"https:\\\/\\\/astrocoach.com\\\/carmen\\\/\"},{\"@type\":\"ListItem\",\"position\":2,\"name\":\"Ritual &#8211; Gratuito y Personalizado\"}]},{\"@type\":\"WebSite\",\"@id\":\"https:\\\/\\\/astrocoach.com\\\/carmen\\\/#website\",\"url\":\"https:\\\/\\\/astrocoach.com\\\/carmen\\\/\",\"name\":\"Carmen Torres: Coaching y Tarot Andaluz\",\"description\":\"\",\"potentialAction\":[{\"@type\":\"SearchAction\",\"target\":{\"@type\":\"EntryPoint\",\"urlTemplate\":\"https:\\\/\\\/astrocoach.com\\\/carmen\\\/?s={search_term_string}\"},\"query-input\":{\"@type\":\"PropertyValueSpecification\",\"valueRequired\":true,\"valueName\":\"search_term_string\"}}],\"inLanguage\":\"es\"}]}<\/script>\n<!-- \/ Yoast SEO plugin. -->","yoast_head_json":{"title":"Ritual - Gratuito y Personalizado - Carmen Torres: Coaching y Tarot Andaluz","robots":{"index":"index","follow":"follow","max-snippet":"max-snippet:-1","max-image-preview":"max-image-preview:large","max-video-preview":"max-video-preview:-1"},"canonical":"https:\/\/astrocoach.com\/carmen\/ritual-gratuito-personalizado\/","og_locale":"es_ES","og_type":"article","og_title":"Ritual - Gratuito y Personalizado - Carmen Torres: Coaching y Tarot Andaluz","og_description":"Pide tu Ritual Gratuito Personalizado Cada persona tiene un deseo \u00fanico, una intenci\u00f3n especial, una meta \u00edntima que quiere ver [&hellip;]","og_url":"https:\/\/astrocoach.com\/carmen\/ritual-gratuito-personalizado\/","og_site_name":"Carmen Torres: Coaching y Tarot Andaluz","article_modified_time":"2025-09-10T08:45:56+00:00","twitter_card":"summary_large_image","twitter_misc":{"Est. reading time":"1 minuto"},"schema":{"@context":"https:\/\/schema.org","@graph":[{"@type":"WebPage","@id":"https:\/\/astrocoach.com\/carmen\/ritual-gratuito-personalizado\/","url":"https:\/\/astrocoach.com\/carmen\/ritual-gratuito-personalizado\/","name":"Ritual - Gratuito y Personalizado - Carmen Torres: Coaching y Tarot Andaluz","isPartOf":{"@id":"https:\/\/astrocoach.com\/carmen\/#website"},"datePublished":"2025-08-19T11:48:00+00:00","dateModified":"2025-09-10T08:45:56+00:00","breadcrumb":{"@id":"https:\/\/astrocoach.com\/carmen\/ritual-gratuito-personalizado\/#breadcrumb"},"inLanguage":"es","potentialAction":[{"@type":"ReadAction","target":["https:\/\/astrocoach.com\/carmen\/ritual-gratuito-personalizado\/"]}]},{"@type":"BreadcrumbList","@id":"https:\/\/astrocoach.com\/carmen\/ritual-gratuito-personalizado\/#breadcrumb","itemListElement":[{"@type":"ListItem","position":1,"name":"Home","item":"https:\/\/astrocoach.com\/carmen\/"},{"@type":"ListItem","position":2,"name":"Ritual &#8211; Gratuito y Personalizado"}]},{"@type":"WebSite","@id":"https:\/\/astrocoach.com\/carmen\/#website","url":"https:\/\/astrocoach.com\/carmen\/","name":"Carmen Torres: Coaching y Tarot Andaluz","description":"","potentialAction":[{"@type":"SearchAction","target":{"@type":"EntryPoint","urlTemplate":"https:\/\/astrocoach.com\/carmen\/?s={search_term_string}"},"query-input":{"@type":"PropertyValueSpecification","valueRequired":true,"valueName":"search_term_string"}}],"inLanguage":"es"}]}},"_links":{"self":[{"href":"https:\/\/astrocoach.com\/carmen\/wp-json\/wp\/v2\/pages\/716","targetHints":{"allow":["GET"]}}],"collection":[{"href":"https:\/\/astrocoach.com\/carmen\/wp-json\/wp\/v2\/pages"}],"about":[{"href":"https:\/\/astrocoach.com\/carmen\/wp-json\/wp\/v2\/types\/page"}],"author":[{"embeddable":true,"href":"https:\/\/astrocoach.com\/carmen\/wp-json\/wp\/v2\/users\/2"}],"replies":[{"embeddable":true,"href":"https:\/\/astrocoach.com\/carmen\/wp-json\/wp\/v2\/comments?post=716"}],"version-history":[{"count":0,"href":"https:\/\/astrocoach.com\/carmen\/wp-json\/wp\/v2\/pages\/716\/revisions"}],"wp:attachment":[{"href":"https:\/\/astrocoach.com\/carmen\/wp-json\/wp\/v2\/media?parent=716"}],"curies":[{"name":"wp","href":"https:\/\/api.w.org\/{rel}","templated":true}]}}