{"id":409,"date":"2025-08-18T08:17:32","date_gmt":"2025-08-18T08:17:32","guid":{"rendered":"https:\/\/astrocoach.com\/carmen\/?page_id=409"},"modified":"2025-09-09T17:41:11","modified_gmt":"2025-09-09T17:41:11","slug":"consulta-por-telefono-gratis","status":"publish","type":"page","link":"https:\/\/astrocoach.com\/carmen\/consulta-por-telefono-gratis\/","title":{"rendered":"Consulta tel\u00e9fono &#8211; Gratis"},"content":{"rendered":"\t\t<div data-elementor-type=\"wp-page\" data-elementor-id=\"409\" class=\"elementor elementor-409\">\n\t\t\t\t<div class=\"elementor-element elementor-element-7815986 e-flex e-con-boxed e-con e-parent\" data-id=\"7815986\" data-element_type=\"container\" data-e-type=\"container\" data-settings=\"{&quot;background_background&quot;:&quot;slideshow&quot;,&quot;background_slideshow_gallery&quot;:[],&quot;background_slideshow_slide_duration&quot;:5000,&quot;background_slideshow_slide_transition&quot;:&quot;fade&quot;,&quot;background_slideshow_transition_duration&quot;:500}\">\n\t\t\t\t\t<div class=\"e-con-inner\">\n\t\t<div class=\"elementor-element elementor-element-fb9678f e-con-full e-flex e-con e-child\" data-id=\"fb9678f\" data-element_type=\"container\" data-e-type=\"container\">\n\t\t\t\t<div class=\"elementor-element elementor-element-ede36a4 elementor-widget elementor-widget-heading\" data-id=\"ede36a4\" data-element_type=\"widget\" data-e-type=\"widget\" data-widget_type=\"heading.default\">\n\t\t\t\t\t<h2 class=\"elementor-heading-title elementor-size-default\">Da el primer paso hacia la transformaci\u00f3n que mereces.<\/h2>\t\t\t\t<\/div>\n\t\t<div class=\"elementor-element elementor-element-f682e9c e-con-full e-flex e-con e-child\" data-id=\"f682e9c\" data-element_type=\"container\" data-e-type=\"container\">\n\t\t\t\t<div class=\"elementor-element elementor-element-0bc0ce0 elementor-widget elementor-widget-text-editor\" data-id=\"0bc0ce0\" data-element_type=\"widget\" data-e-type=\"widget\" data-widget_type=\"text-editor.default\">\n\t\t\t\t\t\t\t\t\t<p>Tu primera consulta gratuita de 10 minutos por tel\u00e9fono con un miembro del equipo de Carmen Torres te permitir\u00e1:<\/p><ul><li data-start=\"352\" data-end=\"537\">Sentirte escuchada sin juicios.<\/li><li data-start=\"352\" data-end=\"537\">Recibir orientaci\u00f3n pr\u00e1ctica y espiritual.<\/li><li data-start=\"352\" data-end=\"537\">Explorar si nuestro acompa\u00f1amiento es lo que buscas.<\/li><li>\u00a0<\/li><\/ul><p data-start=\"352\" data-end=\"537\">Solo es la primera consulta gratuita y siempre bajo cita.<\/p>\t\t\t\t\t\t\t\t<\/div>\n\t\t\t\t<div class=\"elementor-element elementor-element-5b0d207 elementor-widget elementor-widget-image\" data-id=\"5b0d207\" data-element_type=\"widget\" data-e-type=\"widget\" data-widget_type=\"image.default\">\n\t\t\t\t\t\t\t\t\t\t\t\t\t\t\t<img fetchpriority=\"high\" decoding=\"async\" width=\"512\" height=\"512\" src=\"https:\/\/astrocoach.com\/carmen\/wp-content\/uploads\/sites\/4\/2025\/09\/WhatsApp-Image-2025-09-08-at-23.02.50.jpeg\" class=\"attachment-full size-full wp-image-1255\" alt=\"\" srcset=\"https:\/\/astrocoach.com\/carmen\/wp-content\/uploads\/sites\/4\/2025\/09\/WhatsApp-Image-2025-09-08-at-23.02.50.jpeg 512w, https:\/\/astrocoach.com\/carmen\/wp-content\/uploads\/sites\/4\/2025\/09\/WhatsApp-Image-2025-09-08-at-23.02.50-300x300.jpeg 300w, https:\/\/astrocoach.com\/carmen\/wp-content\/uploads\/sites\/4\/2025\/09\/WhatsApp-Image-2025-09-08-at-23.02.50-150x150.jpeg 150w\" sizes=\"(max-width: 512px) 100vw, 512px\" \/>\t\t\t\t\t\t\t\t\t\t\t\t\t\t\t<\/div>\n\t\t\t\t<\/div>\n\t\t\t\t<\/div>\n\t\t<div class=\"elementor-element elementor-element-3d5112f e-con-full e-flex e-con e-child\" data-id=\"3d5112f\" data-element_type=\"container\" data-e-type=\"container\">\n\t\t\t\t<div class=\"elementor-element elementor-element-dc7b30a elementor-widget elementor-widget-heading\" data-id=\"dc7b30a\" data-element_type=\"widget\" data-e-type=\"widget\" data-widget_type=\"heading.default\">\n\t\t\t\t\t<h2 class=\"elementor-heading-title elementor-size-default\">Reserva tu cita ahora mismo<\/h2>\t\t\t\t<\/div>\n\t\t\t\t<\/div>\n\t\t\t\t\t<\/div>\n\t\t\t\t<\/div>\n\t\t\t\t<\/div>\n\t\t","protected":false},"excerpt":{"rendered":"<p>Da el primer paso hacia la transformaci\u00f3n que mereces. Tu primera consulta gratuita de 10 minutos por tel\u00e9fono con un [&hellip;]<\/p>\n","protected":false},"author":2,"featured_media":0,"parent":0,"menu_order":0,"comment_status":"closed","ping_status":"closed","template":"astra-carmen-gratis.php","meta":{"site-sidebar-layout":"default","site-content-layout":"","ast-site-content-layout":"default","site-content-style":"default","site-sidebar-style":"default","ast-global-header-display":"","ast-banner-title-visibility":"","ast-main-header-display":"","ast-hfb-above-header-display":"","ast-hfb-below-header-display":"","ast-hfb-mobile-header-display":"","site-post-title":"","ast-breadcrumbs-content":"","ast-featured-img":"","footer-sml-layout":"","ast-disable-related-posts":"","theme-transparent-header-meta":"","adv-header-id-meta":"","stick-header-meta":"","header-above-stick-meta":"","header-main-stick-meta":"","header-below-stick-meta":"","astra-migrate-meta-layouts":"default","ast-page-background-enabled":"default","ast-page-background-meta":{"desktop":{"background-color":"var(--ast-global-color-5)","background-image":"","background-repeat":"repeat","background-position":"center center","background-size":"auto","background-attachment":"scroll","background-type":"","background-media":"","overlay-type":"","overlay-color":"","overlay-opacity":"","overlay-gradient":""},"tablet":{"background-color":"","background-image":"","background-repeat":"repeat","background-position":"center center","background-size":"auto","background-attachment":"scroll","background-type":"","background-media":"","overlay-type":"","overlay-color":"","overlay-opacity":"","overlay-gradient":""},"mobile":{"background-color":"","background-image":"","background-repeat":"repeat","background-position":"center center","background-size":"auto","background-attachment":"scroll","background-type":"","background-media":"","overlay-type":"","overlay-color":"","overlay-opacity":"","overlay-gradient":""}},"ast-content-background-meta":{"desktop":{"background-color":"var(--ast-global-color-4)","background-image":"","background-repeat":"repeat","background-position":"center center","background-size":"auto","background-attachment":"scroll","background-type":"","background-media":"","overlay-type":"","overlay-color":"","overlay-opacity":"","overlay-gradient":""},"tablet":{"background-color":"var(--ast-global-color-4)","background-image":"","background-repeat":"repeat","background-position":"center center","background-size":"auto","background-attachment":"scroll","background-type":"","background-media":"","overlay-type":"","overlay-color":"","overlay-opacity":"","overlay-gradient":""},"mobile":{"background-color":"var(--ast-global-color-4)","background-image":"","background-repeat":"repeat","background-position":"center center","background-size":"auto","background-attachment":"scroll","background-type":"","background-media":"","overlay-type":"","overlay-color":"","overlay-opacity":"","overlay-gradient":""}},"footnotes":""},"class_list":["post-409","page","type-page","status-publish","hentry"],"yoast_head":"<!-- This site is optimized with the Yoast SEO plugin v27.3 - https:\/\/yoast.com\/product\/yoast-seo-wordpress\/ -->\n<title>Consulta tel\u00e9fono - Gratis - Carmen Torres: Coaching y Tarot Andaluz<\/title>\n<meta name=\"robots\" content=\"index, follow, max-snippet:-1, max-image-preview:large, max-video-preview:-1\" \/>\n<link rel=\"canonical\" href=\"https:\/\/astrocoach.com\/carmen\/consulta-por-telefono-gratis\/\" \/>\n<meta property=\"og:locale\" content=\"es_ES\" \/>\n<meta property=\"og:type\" content=\"article\" \/>\n<meta property=\"og:title\" content=\"Consulta tel\u00e9fono - Gratis - Carmen Torres: Coaching y Tarot Andaluz\" \/>\n<meta property=\"og:description\" content=\"Da el primer paso hacia la transformaci\u00f3n que mereces. Tu primera consulta gratuita de 10 minutos por tel\u00e9fono con un [&hellip;]\" \/>\n<meta property=\"og:url\" content=\"https:\/\/astrocoach.com\/carmen\/consulta-por-telefono-gratis\/\" \/>\n<meta property=\"og:site_name\" content=\"Carmen Torres: Coaching y Tarot Andaluz\" \/>\n<meta property=\"article:modified_time\" content=\"2025-09-09T17:41:11+00:00\" \/>\n<meta property=\"og:image\" content=\"https:\/\/astrocoach.com\/carmen\/wp-content\/uploads\/sites\/4\/2025\/09\/WhatsApp-Image-2025-09-08-at-23.02.50.jpeg\" \/>\n\t<meta property=\"og:image:width\" content=\"512\" \/>\n\t<meta property=\"og:image:height\" content=\"512\" \/>\n\t<meta property=\"og:image:type\" content=\"image\/jpeg\" \/>\n<meta name=\"twitter:card\" content=\"summary_large_image\" \/>\n<meta name=\"twitter:label1\" content=\"Est. reading time\" \/>\n\t<meta name=\"twitter:data1\" content=\"1 minuto\" \/>\n<script type=\"application\/ld+json\" class=\"yoast-schema-graph\">{\"@context\":\"https:\\\/\\\/schema.org\",\"@graph\":[{\"@type\":\"WebPage\",\"@id\":\"https:\\\/\\\/astrocoach.com\\\/carmen\\\/consulta-por-telefono-gratis\\\/\",\"url\":\"https:\\\/\\\/astrocoach.com\\\/carmen\\\/consulta-por-telefono-gratis\\\/\",\"name\":\"Consulta tel\u00e9fono - Gratis - Carmen Torres: Coaching y Tarot Andaluz\",\"isPartOf\":{\"@id\":\"https:\\\/\\\/astrocoach.com\\\/carmen\\\/#website\"},\"primaryImageOfPage\":{\"@id\":\"https:\\\/\\\/astrocoach.com\\\/carmen\\\/consulta-por-telefono-gratis\\\/#primaryimage\"},\"image\":{\"@id\":\"https:\\\/\\\/astrocoach.com\\\/carmen\\\/consulta-por-telefono-gratis\\\/#primaryimage\"},\"thumbnailUrl\":\"https:\\\/\\\/astrocoach.com\\\/carmen\\\/wp-content\\\/uploads\\\/sites\\\/4\\\/2025\\\/09\\\/WhatsApp-Image-2025-09-08-at-23.02.50.jpeg\",\"datePublished\":\"2025-08-18T08:17:32+00:00\",\"dateModified\":\"2025-09-09T17:41:11+00:00\",\"breadcrumb\":{\"@id\":\"https:\\\/\\\/astrocoach.com\\\/carmen\\\/consulta-por-telefono-gratis\\\/#breadcrumb\"},\"inLanguage\":\"es\",\"potentialAction\":[{\"@type\":\"ReadAction\",\"target\":[\"https:\\\/\\\/astrocoach.com\\\/carmen\\\/consulta-por-telefono-gratis\\\/\"]}]},{\"@type\":\"ImageObject\",\"inLanguage\":\"es\",\"@id\":\"https:\\\/\\\/astrocoach.com\\\/carmen\\\/consulta-por-telefono-gratis\\\/#primaryimage\",\"url\":\"https:\\\/\\\/astrocoach.com\\\/carmen\\\/wp-content\\\/uploads\\\/sites\\\/4\\\/2025\\\/09\\\/WhatsApp-Image-2025-09-08-at-23.02.50.jpeg\",\"contentUrl\":\"https:\\\/\\\/astrocoach.com\\\/carmen\\\/wp-content\\\/uploads\\\/sites\\\/4\\\/2025\\\/09\\\/WhatsApp-Image-2025-09-08-at-23.02.50.jpeg\",\"width\":512,\"height\":512},{\"@type\":\"BreadcrumbList\",\"@id\":\"https:\\\/\\\/astrocoach.com\\\/carmen\\\/consulta-por-telefono-gratis\\\/#breadcrumb\",\"itemListElement\":[{\"@type\":\"ListItem\",\"position\":1,\"name\":\"Home\",\"item\":\"https:\\\/\\\/astrocoach.com\\\/carmen\\\/\"},{\"@type\":\"ListItem\",\"position\":2,\"name\":\"Consulta tel\u00e9fono &#8211; Gratis\"}]},{\"@type\":\"WebSite\",\"@id\":\"https:\\\/\\\/astrocoach.com\\\/carmen\\\/#website\",\"url\":\"https:\\\/\\\/astrocoach.com\\\/carmen\\\/\",\"name\":\"Carmen Torres: Coaching y Tarot Andaluz\",\"description\":\"\",\"potentialAction\":[{\"@type\":\"SearchAction\",\"target\":{\"@type\":\"EntryPoint\",\"urlTemplate\":\"https:\\\/\\\/astrocoach.com\\\/carmen\\\/?s={search_term_string}\"},\"query-input\":{\"@type\":\"PropertyValueSpecification\",\"valueRequired\":true,\"valueName\":\"search_term_string\"}}],\"inLanguage\":\"es\"}]}<\/script>\n<!-- \/ Yoast SEO plugin. -->","yoast_head_json":{"title":"Consulta tel\u00e9fono - Gratis - Carmen Torres: Coaching y Tarot Andaluz","robots":{"index":"index","follow":"follow","max-snippet":"max-snippet:-1","max-image-preview":"max-image-preview:large","max-video-preview":"max-video-preview:-1"},"canonical":"https:\/\/astrocoach.com\/carmen\/consulta-por-telefono-gratis\/","og_locale":"es_ES","og_type":"article","og_title":"Consulta tel\u00e9fono - Gratis - Carmen Torres: Coaching y Tarot Andaluz","og_description":"Da el primer paso hacia la transformaci\u00f3n que mereces. Tu primera consulta gratuita de 10 minutos por tel\u00e9fono con un [&hellip;]","og_url":"https:\/\/astrocoach.com\/carmen\/consulta-por-telefono-gratis\/","og_site_name":"Carmen Torres: Coaching y Tarot Andaluz","article_modified_time":"2025-09-09T17:41:11+00:00","og_image":[{"width":512,"height":512,"url":"https:\/\/astrocoach.com\/carmen\/wp-content\/uploads\/sites\/4\/2025\/09\/WhatsApp-Image-2025-09-08-at-23.02.50.jpeg","type":"image\/jpeg"}],"twitter_card":"summary_large_image","twitter_misc":{"Est. reading time":"1 minuto"},"schema":{"@context":"https:\/\/schema.org","@graph":[{"@type":"WebPage","@id":"https:\/\/astrocoach.com\/carmen\/consulta-por-telefono-gratis\/","url":"https:\/\/astrocoach.com\/carmen\/consulta-por-telefono-gratis\/","name":"Consulta tel\u00e9fono - Gratis - Carmen Torres: Coaching y Tarot Andaluz","isPartOf":{"@id":"https:\/\/astrocoach.com\/carmen\/#website"},"primaryImageOfPage":{"@id":"https:\/\/astrocoach.com\/carmen\/consulta-por-telefono-gratis\/#primaryimage"},"image":{"@id":"https:\/\/astrocoach.com\/carmen\/consulta-por-telefono-gratis\/#primaryimage"},"thumbnailUrl":"https:\/\/astrocoach.com\/carmen\/wp-content\/uploads\/sites\/4\/2025\/09\/WhatsApp-Image-2025-09-08-at-23.02.50.jpeg","datePublished":"2025-08-18T08:17:32+00:00","dateModified":"2025-09-09T17:41:11+00:00","breadcrumb":{"@id":"https:\/\/astrocoach.com\/carmen\/consulta-por-telefono-gratis\/#breadcrumb"},"inLanguage":"es","potentialAction":[{"@type":"ReadAction","target":["https:\/\/astrocoach.com\/carmen\/consulta-por-telefono-gratis\/"]}]},{"@type":"ImageObject","inLanguage":"es","@id":"https:\/\/astrocoach.com\/carmen\/consulta-por-telefono-gratis\/#primaryimage","url":"https:\/\/astrocoach.com\/carmen\/wp-content\/uploads\/sites\/4\/2025\/09\/WhatsApp-Image-2025-09-08-at-23.02.50.jpeg","contentUrl":"https:\/\/astrocoach.com\/carmen\/wp-content\/uploads\/sites\/4\/2025\/09\/WhatsApp-Image-2025-09-08-at-23.02.50.jpeg","width":512,"height":512},{"@type":"BreadcrumbList","@id":"https:\/\/astrocoach.com\/carmen\/consulta-por-telefono-gratis\/#breadcrumb","itemListElement":[{"@type":"ListItem","position":1,"name":"Home","item":"https:\/\/astrocoach.com\/carmen\/"},{"@type":"ListItem","position":2,"name":"Consulta tel\u00e9fono &#8211; Gratis"}]},{"@type":"WebSite","@id":"https:\/\/astrocoach.com\/carmen\/#website","url":"https:\/\/astrocoach.com\/carmen\/","name":"Carmen Torres: Coaching y Tarot Andaluz","description":"","potentialAction":[{"@type":"SearchAction","target":{"@type":"EntryPoint","urlTemplate":"https:\/\/astrocoach.com\/carmen\/?s={search_term_string}"},"query-input":{"@type":"PropertyValueSpecification","valueRequired":true,"valueName":"search_term_string"}}],"inLanguage":"es"}]}},"_links":{"self":[{"href":"https:\/\/astrocoach.com\/carmen\/wp-json\/wp\/v2\/pages\/409","targetHints":{"allow":["GET"]}}],"collection":[{"href":"https:\/\/astrocoach.com\/carmen\/wp-json\/wp\/v2\/pages"}],"about":[{"href":"https:\/\/astrocoach.com\/carmen\/wp-json\/wp\/v2\/types\/page"}],"author":[{"embeddable":true,"href":"https:\/\/astrocoach.com\/carmen\/wp-json\/wp\/v2\/users\/2"}],"replies":[{"embeddable":true,"href":"https:\/\/astrocoach.com\/carmen\/wp-json\/wp\/v2\/comments?post=409"}],"version-history":[{"count":0,"href":"https:\/\/astrocoach.com\/carmen\/wp-json\/wp\/v2\/pages\/409\/revisions"}],"wp:attachment":[{"href":"https:\/\/astrocoach.com\/carmen\/wp-json\/wp\/v2\/media?parent=409"}],"curies":[{"name":"wp","href":"https:\/\/api.w.org\/{rel}","templated":true}]}}