{"id":1425,"date":"2025-09-09T16:59:11","date_gmt":"2025-09-09T16:59:11","guid":{"rendered":"https:\/\/astrocoach.com\/carmen\/?page_id=1425"},"modified":"2025-09-09T17:41:46","modified_gmt":"2025-09-09T17:41:46","slug":"consulta-maestra","status":"publish","type":"page","link":"https:\/\/astrocoach.com\/carmen\/consulta-maestra\/","title":{"rendered":"Consulta Maestra"},"content":{"rendered":"\t\t<div data-elementor-type=\"wp-page\" data-elementor-id=\"1425\" class=\"elementor elementor-1425\">\n\t\t\t\t<div class=\"elementor-element elementor-element-22a2565 e-flex e-con-boxed e-con e-parent\" data-id=\"22a2565\" data-element_type=\"container\" data-e-type=\"container\">\n\t\t\t\t\t<div class=\"e-con-inner\">\n\t\t<div class=\"elementor-element elementor-element-3a5b45a e-con-full e-flex e-con e-child\" data-id=\"3a5b45a\" data-element_type=\"container\" data-e-type=\"container\">\n\t\t\t\t<div class=\"elementor-element elementor-element-1daefb0 elementor-widget elementor-widget-heading\" data-id=\"1daefb0\" data-element_type=\"widget\" data-e-type=\"widget\" data-widget_type=\"heading.default\">\n\t\t\t\t\t<h2 class=\"elementor-heading-title elementor-size-default\">Consulta personal con Carmen Torres o la maestra Gaya<\/h2>\t\t\t\t<\/div>\n\t\t\t\t<div class=\"elementor-element elementor-element-62906db elementor-widget elementor-widget-text-editor\" data-id=\"62906db\" data-element_type=\"widget\" data-e-type=\"widget\" data-widget_type=\"text-editor.default\">\n\t\t\t\t\t\t\t\t\t<p><span style=\"font-size: 18px;\">Oferta especial primera consulta: 49\u20ac en lugar de 69\u20ac<\/span><\/p><div><div>Hay momentos en los que necesitas m\u00e1s que una orientaci\u00f3n r\u00e1pida.<\/div><div>\u00a0<\/div><div>Con Carmen Torres, astro-coach reconocida y fundadora del m\u00e9todo que combina astrolog\u00eda, tarot y coaching emocional, podr\u00e1s vivir una consulta completa y personal de 20 minutos, directamente con ella y por tel\u00e9fono.<\/div><div>\u00a0<\/div><div>Durante la sesi\u00f3n podr\u00e1s:<\/div><ul><li>Compartir en confianza lo que m\u00e1s te preocupa.<\/li><li>Recibir una lectura profunda de las cartas y una gu\u00eda pr\u00e1ctica para tu situaci\u00f3n.<\/li><li>Experimentar el acompa\u00f1amiento de Carmen de manera directa, cercana y transformadora.<\/li><\/ul><div><div>Esta es una oportunidad exclusiva para acceder a su experiencia con un precio reducido en tu primera consulta.<\/div><\/div><div>\u00a0<\/div><\/div>\t\t\t\t\t\t\t\t<\/div>\n\t\t\t\t<div class=\"elementor-element elementor-element-b3d7310 elementor-align-center elementor-widget elementor-widget-button\" data-id=\"b3d7310\" data-element_type=\"widget\" data-e-type=\"widget\" data-widget_type=\"button.default\">\n\t\t\t\t\t\t\t\t\t\t<a class=\"elementor-button elementor-button-link elementor-size-sm\" href=\"https:\/\/buy.stripe.com\/3cI28q6gD5Dr7AB79J6Vq0a\">\n\t\t\t\t\t\t<span class=\"elementor-button-content-wrapper\">\n\t\t\t\t\t\t\t\t\t<span class=\"elementor-button-text\">RESERVAR CONSULTA - 49\u20ac<\/span>\n\t\t\t\t\t<\/span>\n\t\t\t\t\t<\/a>\n\t\t\t\t\t\t\t\t<\/div>\n\t\t\t\t<div class=\"elementor-element elementor-element-b34b620 elementor-widget elementor-widget-image\" data-id=\"b34b620\" data-element_type=\"widget\" data-e-type=\"widget\" data-widget_type=\"image.default\">\n\t\t\t\t\t\t\t\t\t\t\t\t\t\t\t<img fetchpriority=\"high\" decoding=\"async\" width=\"1024\" height=\"1024\" src=\"https:\/\/astrocoach.com\/carmen\/wp-content\/uploads\/sites\/4\/2025\/09\/WhatsApp-Image-2025-09-09-at-15.39.33.jpeg\" class=\"attachment-large size-large wp-image-1428\" alt=\"\" srcset=\"https:\/\/astrocoach.com\/carmen\/wp-content\/uploads\/sites\/4\/2025\/09\/WhatsApp-Image-2025-09-09-at-15.39.33.jpeg 1024w, https:\/\/astrocoach.com\/carmen\/wp-content\/uploads\/sites\/4\/2025\/09\/WhatsApp-Image-2025-09-09-at-15.39.33-300x300.jpeg 300w, https:\/\/astrocoach.com\/carmen\/wp-content\/uploads\/sites\/4\/2025\/09\/WhatsApp-Image-2025-09-09-at-15.39.33-150x150.jpeg 150w, https:\/\/astrocoach.com\/carmen\/wp-content\/uploads\/sites\/4\/2025\/09\/WhatsApp-Image-2025-09-09-at-15.39.33-768x768.jpeg 768w, https:\/\/astrocoach.com\/carmen\/wp-content\/uploads\/sites\/4\/2025\/09\/WhatsApp-Image-2025-09-09-at-15.39.33-600x600.jpeg 600w\" sizes=\"(max-width: 1024px) 100vw, 1024px\" \/>\t\t\t\t\t\t\t\t\t\t\t\t\t\t\t<\/div>\n\t\t\t\t<\/div>\n\t\t<div class=\"elementor-element elementor-element-cb4e4c1 e-con-full e-flex e-con e-child\" data-id=\"cb4e4c1\" data-element_type=\"container\" data-e-type=\"container\">\n\t\t\t\t<div class=\"elementor-element elementor-element-cffde70 elementor-widget elementor-widget-image\" data-id=\"cffde70\" data-element_type=\"widget\" data-e-type=\"widget\" data-widget_type=\"image.default\">\n\t\t\t\t\t\t\t\t\t\t\t\t\t\t\t<img decoding=\"async\" width=\"1024\" height=\"1024\" src=\"https:\/\/astrocoach.com\/carmen\/wp-content\/uploads\/sites\/4\/2025\/09\/WhatsApp-Image-2025-09-09-at-15.39.57.jpeg\" class=\"attachment-large size-large wp-image-1427\" alt=\"\" srcset=\"https:\/\/astrocoach.com\/carmen\/wp-content\/uploads\/sites\/4\/2025\/09\/WhatsApp-Image-2025-09-09-at-15.39.57.jpeg 1024w, https:\/\/astrocoach.com\/carmen\/wp-content\/uploads\/sites\/4\/2025\/09\/WhatsApp-Image-2025-09-09-at-15.39.57-300x300.jpeg 300w, https:\/\/astrocoach.com\/carmen\/wp-content\/uploads\/sites\/4\/2025\/09\/WhatsApp-Image-2025-09-09-at-15.39.57-150x150.jpeg 150w, https:\/\/astrocoach.com\/carmen\/wp-content\/uploads\/sites\/4\/2025\/09\/WhatsApp-Image-2025-09-09-at-15.39.57-768x768.jpeg 768w, https:\/\/astrocoach.com\/carmen\/wp-content\/uploads\/sites\/4\/2025\/09\/WhatsApp-Image-2025-09-09-at-15.39.57-600x600.jpeg 600w\" sizes=\"(max-width: 1024px) 100vw, 1024px\" \/>\t\t\t\t\t\t\t\t\t\t\t\t\t\t\t<\/div>\n\t\t<div class=\"elementor-element elementor-element-a26fc3b e-con-full e-flex e-con e-child\" data-id=\"a26fc3b\" data-element_type=\"container\" data-e-type=\"container\">\n\t\t\t\t<div class=\"elementor-element elementor-element-168d1cd elementor-widget elementor-widget-heading\" data-id=\"168d1cd\" data-element_type=\"widget\" data-e-type=\"widget\" data-widget_type=\"heading.default\">\n\t\t\t\t\t<h2 class=\"elementor-heading-title elementor-size-default\">C\u00f3mo funciona\n<\/h2>\t\t\t\t<\/div>\n\t\t\t\t<div class=\"elementor-element elementor-element-692a65c elementor-widget elementor-widget-text-editor\" data-id=\"692a65c\" data-element_type=\"widget\" data-e-type=\"widget\" data-widget_type=\"text-editor.default\">\n\t\t\t\t\t\t\t\t\t<p>S\u00f3lo debes realiza el pago seguro de 49\u20ac a trav\u00e9s de Stripe (precio promocional primera consulta) haciendo clic en el siguiente b\u00f3ton:<\/p>\t\t\t\t\t\t\t\t<\/div>\n\t\t\t\t<div class=\"elementor-element elementor-element-f76e205 elementor-align-center elementor-widget elementor-widget-button\" data-id=\"f76e205\" data-element_type=\"widget\" data-e-type=\"widget\" data-widget_type=\"button.default\">\n\t\t\t\t\t\t\t\t\t\t<a class=\"elementor-button elementor-button-link elementor-size-sm\" href=\"https:\/\/buy.stripe.com\/3cI28q6gD5Dr7AB79J6Vq0a\">\n\t\t\t\t\t\t<span class=\"elementor-button-content-wrapper\">\n\t\t\t\t\t\t\t\t\t<span class=\"elementor-button-text\">RESERVAR CONSULTA - 49\u20ac<\/span>\n\t\t\t\t\t<\/span>\n\t\t\t\t\t<\/a>\n\t\t\t\t\t\t\t\t<\/div>\n\t\t\t\t<div class=\"elementor-element elementor-element-dc15253 elementor-widget elementor-widget-text-editor\" data-id=\"dc15253\" data-element_type=\"widget\" data-e-type=\"widget\" data-widget_type=\"text-editor.default\">\n\t\t\t\t\t\t\t\t\t<p>Mi secretaria te llamara para concretar el momento que mejor te venga para realizar la consulta.<\/p><ul><li><span style=\"color: #ed6744;\">Exclusividad<\/span> \u2013 Es la \u00fanica manera de hablar directamente con Carmen.<\/li><li><span style=\"color: #ed6744;\">Transformaci\u00f3n<\/span> \u2013 20 minutos de acompa\u00f1amiento y divinacione intenso y personalizado.<\/li><li><span style=\"color: #ed6744;\">Oferta limitada<\/span> \u2013 Solo 49\u20ac la primera vez, en lugar de 69\u20ac.<\/li><\/ul>\t\t\t\t\t\t\t\t<\/div>\n\t\t\t\t<div class=\"elementor-element elementor-element-0b57f6f elementor-widget elementor-widget-text-editor\" data-id=\"0b57f6f\" data-element_type=\"widget\" data-e-type=\"widget\" data-widget_type=\"text-editor.default\">\n\t\t\t\t\t\t\t\t\t<p style=\"text-align: center;\">Reserva ahora tu consulta privada con una maestra<br \/>Plazas limitadas \u2013 solo para primera consulta.<\/p>\t\t\t\t\t\t\t\t<\/div>\n\t\t\t\t<div class=\"elementor-element elementor-element-c33987d elementor-align-center elementor-widget elementor-widget-button\" data-id=\"c33987d\" data-element_type=\"widget\" data-e-type=\"widget\" data-widget_type=\"button.default\">\n\t\t\t\t\t\t\t\t\t\t<a class=\"elementor-button elementor-button-link elementor-size-sm\" href=\"https:\/\/buy.stripe.com\/3cI28q6gD5Dr7AB79J6Vq0a\">\n\t\t\t\t\t\t<span class=\"elementor-button-content-wrapper\">\n\t\t\t\t\t\t\t\t\t<span class=\"elementor-button-text\">RESERVAR CONSULTA - 49\u20ac<\/span>\n\t\t\t\t\t<\/span>\n\t\t\t\t\t<\/a>\n\t\t\t\t\t\t\t\t<\/div>\n\t\t\t\t<\/div>\n\t\t\t\t<\/div>\n\t\t\t\t\t<\/div>\n\t\t\t\t<\/div>\n\t\t\t\t<\/div>\n\t\t","protected":false},"excerpt":{"rendered":"<p>Consulta personal con Carmen Torres o la maestra Gaya Oferta especial primera consulta: 49\u20ac en lugar de 69\u20ac Hay momentos [&hellip;]<\/p>\n","protected":false},"author":2,"featured_media":0,"parent":0,"menu_order":0,"comment_status":"closed","ping_status":"closed","template":"astra-carmen-maestra.php","meta":{"site-sidebar-layout":"default","site-content-layout":"","ast-site-content-layout":"default","site-content-style":"default","site-sidebar-style":"default","ast-global-header-display":"","ast-banner-title-visibility":"","ast-main-header-display":"","ast-hfb-above-header-display":"","ast-hfb-below-header-display":"","ast-hfb-mobile-header-display":"","site-post-title":"","ast-breadcrumbs-content":"","ast-featured-img":"","footer-sml-layout":"","ast-disable-related-posts":"","theme-transparent-header-meta":"","adv-header-id-meta":"","stick-header-meta":"","header-above-stick-meta":"","header-main-stick-meta":"","header-below-stick-meta":"","astra-migrate-meta-layouts":"default","ast-page-background-enabled":"default","ast-page-background-meta":{"desktop":{"background-color":"var(--ast-global-color-5)","background-image":"","background-repeat":"repeat","background-position":"center center","background-size":"auto","background-attachment":"scroll","background-type":"","background-media":"","overlay-type":"","overlay-color":"","overlay-opacity":"","overlay-gradient":""},"tablet":{"background-color":"","background-image":"","background-repeat":"repeat","background-position":"center center","background-size":"auto","background-attachment":"scroll","background-type":"","background-media":"","overlay-type":"","overlay-color":"","overlay-opacity":"","overlay-gradient":""},"mobile":{"background-color":"","background-image":"","background-repeat":"repeat","background-position":"center center","background-size":"auto","background-attachment":"scroll","background-type":"","background-media":"","overlay-type":"","overlay-color":"","overlay-opacity":"","overlay-gradient":""}},"ast-content-background-meta":{"desktop":{"background-color":"var(--ast-global-color-4)","background-image":"","background-repeat":"repeat","background-position":"center center","background-size":"auto","background-attachment":"scroll","background-type":"","background-media":"","overlay-type":"","overlay-color":"","overlay-opacity":"","overlay-gradient":""},"tablet":{"background-color":"var(--ast-global-color-4)","background-image":"","background-repeat":"repeat","background-position":"center center","background-size":"auto","background-attachment":"scroll","background-type":"","background-media":"","overlay-type":"","overlay-color":"","overlay-opacity":"","overlay-gradient":""},"mobile":{"background-color":"var(--ast-global-color-4)","background-image":"","background-repeat":"repeat","background-position":"center center","background-size":"auto","background-attachment":"scroll","background-type":"","background-media":"","overlay-type":"","overlay-color":"","overlay-opacity":"","overlay-gradient":""}},"footnotes":""},"class_list":["post-1425","page","type-page","status-publish","hentry"],"yoast_head":"<!-- This site is optimized with the Yoast SEO plugin v27.3 - https:\/\/yoast.com\/product\/yoast-seo-wordpress\/ -->\n<title>Consulta Maestra - Carmen Torres: Coaching y Tarot Andaluz<\/title>\n<meta name=\"robots\" content=\"index, follow, max-snippet:-1, max-image-preview:large, max-video-preview:-1\" \/>\n<link rel=\"canonical\" href=\"https:\/\/astrocoach.com\/carmen\/consulta-maestra\/\" \/>\n<meta property=\"og:locale\" content=\"es_ES\" \/>\n<meta property=\"og:type\" content=\"article\" \/>\n<meta property=\"og:title\" content=\"Consulta Maestra - Carmen Torres: Coaching y Tarot Andaluz\" \/>\n<meta property=\"og:description\" content=\"Consulta personal con Carmen Torres o la maestra Gaya Oferta especial primera consulta: 49\u20ac en lugar de 69\u20ac Hay momentos [&hellip;]\" \/>\n<meta property=\"og:url\" content=\"https:\/\/astrocoach.com\/carmen\/consulta-maestra\/\" \/>\n<meta property=\"og:site_name\" content=\"Carmen Torres: Coaching y Tarot Andaluz\" \/>\n<meta property=\"article:modified_time\" content=\"2025-09-09T17:41:46+00:00\" \/>\n<meta property=\"og:image\" content=\"https:\/\/astrocoach.com\/carmen\/wp-content\/uploads\/sites\/4\/2025\/09\/WhatsApp-Image-2025-09-09-at-15.39.33.jpeg\" \/>\n\t<meta property=\"og:image:width\" content=\"1024\" \/>\n\t<meta property=\"og:image:height\" content=\"1024\" \/>\n\t<meta property=\"og:image:type\" content=\"image\/jpeg\" \/>\n<meta name=\"twitter:card\" content=\"summary_large_image\" \/>\n<meta name=\"twitter:label1\" content=\"Est. reading time\" \/>\n\t<meta name=\"twitter:data1\" content=\"1 minuto\" \/>\n<script type=\"application\/ld+json\" class=\"yoast-schema-graph\">{\"@context\":\"https:\\\/\\\/schema.org\",\"@graph\":[{\"@type\":\"WebPage\",\"@id\":\"https:\\\/\\\/astrocoach.com\\\/carmen\\\/consulta-maestra\\\/\",\"url\":\"https:\\\/\\\/astrocoach.com\\\/carmen\\\/consulta-maestra\\\/\",\"name\":\"Consulta Maestra - Carmen Torres: Coaching y Tarot Andaluz\",\"isPartOf\":{\"@id\":\"https:\\\/\\\/astrocoach.com\\\/carmen\\\/#website\"},\"primaryImageOfPage\":{\"@id\":\"https:\\\/\\\/astrocoach.com\\\/carmen\\\/consulta-maestra\\\/#primaryimage\"},\"image\":{\"@id\":\"https:\\\/\\\/astrocoach.com\\\/carmen\\\/consulta-maestra\\\/#primaryimage\"},\"thumbnailUrl\":\"https:\\\/\\\/astrocoach.com\\\/carmen\\\/wp-content\\\/uploads\\\/sites\\\/4\\\/2025\\\/09\\\/WhatsApp-Image-2025-09-09-at-15.39.33.jpeg\",\"datePublished\":\"2025-09-09T16:59:11+00:00\",\"dateModified\":\"2025-09-09T17:41:46+00:00\",\"breadcrumb\":{\"@id\":\"https:\\\/\\\/astrocoach.com\\\/carmen\\\/consulta-maestra\\\/#breadcrumb\"},\"inLanguage\":\"es\",\"potentialAction\":[{\"@type\":\"ReadAction\",\"target\":[\"https:\\\/\\\/astrocoach.com\\\/carmen\\\/consulta-maestra\\\/\"]}]},{\"@type\":\"ImageObject\",\"inLanguage\":\"es\",\"@id\":\"https:\\\/\\\/astrocoach.com\\\/carmen\\\/consulta-maestra\\\/#primaryimage\",\"url\":\"https:\\\/\\\/astrocoach.com\\\/carmen\\\/wp-content\\\/uploads\\\/sites\\\/4\\\/2025\\\/09\\\/WhatsApp-Image-2025-09-09-at-15.39.33.jpeg\",\"contentUrl\":\"https:\\\/\\\/astrocoach.com\\\/carmen\\\/wp-content\\\/uploads\\\/sites\\\/4\\\/2025\\\/09\\\/WhatsApp-Image-2025-09-09-at-15.39.33.jpeg\",\"width\":1024,\"height\":1024},{\"@type\":\"BreadcrumbList\",\"@id\":\"https:\\\/\\\/astrocoach.com\\\/carmen\\\/consulta-maestra\\\/#breadcrumb\",\"itemListElement\":[{\"@type\":\"ListItem\",\"position\":1,\"name\":\"Home\",\"item\":\"https:\\\/\\\/astrocoach.com\\\/carmen\\\/\"},{\"@type\":\"ListItem\",\"position\":2,\"name\":\"Consulta Maestra\"}]},{\"@type\":\"WebSite\",\"@id\":\"https:\\\/\\\/astrocoach.com\\\/carmen\\\/#website\",\"url\":\"https:\\\/\\\/astrocoach.com\\\/carmen\\\/\",\"name\":\"Carmen Torres: Coaching y Tarot Andaluz\",\"description\":\"\",\"potentialAction\":[{\"@type\":\"SearchAction\",\"target\":{\"@type\":\"EntryPoint\",\"urlTemplate\":\"https:\\\/\\\/astrocoach.com\\\/carmen\\\/?s={search_term_string}\"},\"query-input\":{\"@type\":\"PropertyValueSpecification\",\"valueRequired\":true,\"valueName\":\"search_term_string\"}}],\"inLanguage\":\"es\"}]}<\/script>\n<!-- \/ Yoast SEO plugin. -->","yoast_head_json":{"title":"Consulta Maestra - Carmen Torres: Coaching y Tarot Andaluz","robots":{"index":"index","follow":"follow","max-snippet":"max-snippet:-1","max-image-preview":"max-image-preview:large","max-video-preview":"max-video-preview:-1"},"canonical":"https:\/\/astrocoach.com\/carmen\/consulta-maestra\/","og_locale":"es_ES","og_type":"article","og_title":"Consulta Maestra - Carmen Torres: Coaching y Tarot Andaluz","og_description":"Consulta personal con Carmen Torres o la maestra Gaya Oferta especial primera consulta: 49\u20ac en lugar de 69\u20ac Hay momentos [&hellip;]","og_url":"https:\/\/astrocoach.com\/carmen\/consulta-maestra\/","og_site_name":"Carmen Torres: Coaching y Tarot Andaluz","article_modified_time":"2025-09-09T17:41:46+00:00","og_image":[{"width":1024,"height":1024,"url":"https:\/\/astrocoach.com\/carmen\/wp-content\/uploads\/sites\/4\/2025\/09\/WhatsApp-Image-2025-09-09-at-15.39.33.jpeg","type":"image\/jpeg"}],"twitter_card":"summary_large_image","twitter_misc":{"Est. reading time":"1 minuto"},"schema":{"@context":"https:\/\/schema.org","@graph":[{"@type":"WebPage","@id":"https:\/\/astrocoach.com\/carmen\/consulta-maestra\/","url":"https:\/\/astrocoach.com\/carmen\/consulta-maestra\/","name":"Consulta Maestra - Carmen Torres: Coaching y Tarot Andaluz","isPartOf":{"@id":"https:\/\/astrocoach.com\/carmen\/#website"},"primaryImageOfPage":{"@id":"https:\/\/astrocoach.com\/carmen\/consulta-maestra\/#primaryimage"},"image":{"@id":"https:\/\/astrocoach.com\/carmen\/consulta-maestra\/#primaryimage"},"thumbnailUrl":"https:\/\/astrocoach.com\/carmen\/wp-content\/uploads\/sites\/4\/2025\/09\/WhatsApp-Image-2025-09-09-at-15.39.33.jpeg","datePublished":"2025-09-09T16:59:11+00:00","dateModified":"2025-09-09T17:41:46+00:00","breadcrumb":{"@id":"https:\/\/astrocoach.com\/carmen\/consulta-maestra\/#breadcrumb"},"inLanguage":"es","potentialAction":[{"@type":"ReadAction","target":["https:\/\/astrocoach.com\/carmen\/consulta-maestra\/"]}]},{"@type":"ImageObject","inLanguage":"es","@id":"https:\/\/astrocoach.com\/carmen\/consulta-maestra\/#primaryimage","url":"https:\/\/astrocoach.com\/carmen\/wp-content\/uploads\/sites\/4\/2025\/09\/WhatsApp-Image-2025-09-09-at-15.39.33.jpeg","contentUrl":"https:\/\/astrocoach.com\/carmen\/wp-content\/uploads\/sites\/4\/2025\/09\/WhatsApp-Image-2025-09-09-at-15.39.33.jpeg","width":1024,"height":1024},{"@type":"BreadcrumbList","@id":"https:\/\/astrocoach.com\/carmen\/consulta-maestra\/#breadcrumb","itemListElement":[{"@type":"ListItem","position":1,"name":"Home","item":"https:\/\/astrocoach.com\/carmen\/"},{"@type":"ListItem","position":2,"name":"Consulta Maestra"}]},{"@type":"WebSite","@id":"https:\/\/astrocoach.com\/carmen\/#website","url":"https:\/\/astrocoach.com\/carmen\/","name":"Carmen Torres: Coaching y Tarot Andaluz","description":"","potentialAction":[{"@type":"SearchAction","target":{"@type":"EntryPoint","urlTemplate":"https:\/\/astrocoach.com\/carmen\/?s={search_term_string}"},"query-input":{"@type":"PropertyValueSpecification","valueRequired":true,"valueName":"search_term_string"}}],"inLanguage":"es"}]}},"_links":{"self":[{"href":"https:\/\/astrocoach.com\/carmen\/wp-json\/wp\/v2\/pages\/1425","targetHints":{"allow":["GET"]}}],"collection":[{"href":"https:\/\/astrocoach.com\/carmen\/wp-json\/wp\/v2\/pages"}],"about":[{"href":"https:\/\/astrocoach.com\/carmen\/wp-json\/wp\/v2\/types\/page"}],"author":[{"embeddable":true,"href":"https:\/\/astrocoach.com\/carmen\/wp-json\/wp\/v2\/users\/2"}],"replies":[{"embeddable":true,"href":"https:\/\/astrocoach.com\/carmen\/wp-json\/wp\/v2\/comments?post=1425"}],"version-history":[{"count":0,"href":"https:\/\/astrocoach.com\/carmen\/wp-json\/wp\/v2\/pages\/1425\/revisions"}],"wp:attachment":[{"href":"https:\/\/astrocoach.com\/carmen\/wp-json\/wp\/v2\/media?parent=1425"}],"curies":[{"name":"wp","href":"https:\/\/api.w.org\/{rel}","templated":true}]}}